{"id":44,"date":"2015-09-14T14:24:48","date_gmt":"2015-09-14T12:24:48","guid":{"rendered":"http:\/\/www.woidteifln.at\/\/?page_id=44"},"modified":"2018-09-04T16:03:23","modified_gmt":"2018-09-04T14:03:23","slug":"disclaimer","status":"publish","type":"page","link":"http:\/\/www.woidteifln.at\/wordpress\/disclaimer\/","title":{"rendered":"Disclaimer"},"content":{"rendered":"<table class=\"contentpaneopen\">\n<tbody>\n<tr>\n<td class=\"contentheading\" width=\"100%\"><span style=\"color: #ffffff;\">Allgemeine Informationen Und Copyright Hinweise<\/span><\/td>\n<\/tr>\n<\/tbody>\n<\/table>\n<table class=\"contentpaneopen\">\n<tbody>\n<tr>\n<td colspan=\"2\" valign=\"top\"><span style=\"color: #ffffff;\">Der Webmaster sowie alle Mitglieder der &#8220;WALDZELLER WOIDTEIFLN&#8221; \u00fcbernehmen keine Verantwortung f\u00fcr vorhandene<\/span><\/p>\n<p><span style=\"color: #ffffff;\">Eintr\u00e4ge und Kommentare!! Viele der hier gezeigten Bilder sind aus unseren privaten Sammlung und wenige Ausnahmen aus dem Internet.<\/span><\/p>\n<p><span style=\"color: #ffffff;\">Sollten sich auf diesen Seiten Bilder befinden, mit deren Ver\u00f6ffentlichung die Besitzer der Bilder nicht einverstanden sind, so<\/span><\/p>\n<p><span style=\"color: #ffffff;\">bitten wir unsere Begeisterung zu verstehen und werden die Bilder umgehend entfernen. Dieser Haftungsausschluss bezieht sich<\/span><\/p>\n<p><span style=\"color: #ffffff;\">auf alle Eintr\u00e4ge und Kommentare, die m\u00f6glicherweise auf dieser Homepage erscheinen bzw. erschienen sind.<\/span><\/p>\n<p><span style=\"color: #ffffff;\">Hiermit distanzieren wir uns ausdr\u00fccklich von allen Inhalten, die in den Seiten zu finden sind, die auf unserer Homepage gelinkt<\/span><\/p>\n<p><span style=\"color: #ffffff;\">werden und machen diese Inhalte nicht zu eigenen. Diese Erkl\u00e4rung gilt f\u00fcr alle auf unserer Homepage angebrachten Links.<\/span><\/p>\n<p><span style=\"color: #ffffff;\">Auch folgende Distanzierungen m\u00f6cht ich dem User ans Herz legen.<\/span><\/p>\n<p><span style=\"color: #ffffff;\"><strong>Distanzierung I<\/strong><\/span><\/p>\n<p><span style=\"color: #ffffff;\"><strong><br \/>\n<\/strong>Der Verfasser dieser Seite tr\u00e4gt keine Verantwortung f\u00fcr die Art, in der dir hier zur Verf\u00fcgung gestellten Informationen genutzt<\/span><\/p>\n<p><span style=\"color: #ffffff;\">werden. Dateien und alles andere auf dieser Seite sind nur f\u00fcr den privaten Gebrauch bestimmt und sollten darum nicht<\/span><\/p>\n<p><span style=\"color: #ffffff;\">runtergeladen oder gelesen werden. Alle Objekte dieser Seite sind privater Eigentum und somit nicht zum lesen bestimmt. Es ist<\/span><\/p>\n<p><span style=\"color: #ffffff;\">also verboten diese Seite zu betreten. wenn Sie diese Seite dennoch betreten, versto\u00dfen Sie gegen den &#8220;Code 431.322.12 of the<\/span><\/p>\n<p><span style=\"color: #ffffff;\">Internet Privacy Act&#8221;, der 1995 von Bill Clinton verabschiedet wurde. Das hei\u00dft sie k\u00f6nnen gegen die Personen, welche diese<\/span><\/p>\n<p><span style=\"color: #ffffff;\">Dateien verwalten, nicht vorgehen. Wenn Sie dieser Vereinbarung nicht Zustimmen, sind Sie gezwungen diese Seiten wieder zu<\/span><\/p>\n<p><span style=\"color: #ffffff;\">Verlassen.<\/span><\/p>\n<p><span style=\"color: #ffffff;\"><strong>Distanzierung II<\/strong><\/span><br \/>\n<span style=\"color: #ffffff;\"> Mit Urteil vom 12. Mai 1998 hat das Landgericht Hamburg entschieden, dass man durch die Ausbringung eines Links die Inhalte<\/span><\/p>\n<p><span style=\"color: #ffffff;\">der gelinkten Seite ggf. mit zu verantworten hat. Dies kann &#8211; so das Landgericht &#8211; nur dadurch verhindert werden, dass man sich<\/span><\/p>\n<p><span style=\"color: #ffffff;\">ausdr\u00fccklich von diesen Inhalten distanziert. Ich habe auf meiner Page Links zu anderen Seiten im Internet gelegt. F\u00fcr all diese<\/span><\/p>\n<p><span style=\"color: #ffffff;\">Links gilt: Ich m\u00f6chte ausdr\u00fccklich betonen, dass ich keinerlei Einfluss auf die Gestaltung und die Inhalte der gelinkten Seiten<\/span><\/p>\n<p><span style=\"color: #ffffff;\">habe. Deshalb distanziere ich mich hiermit ausdr\u00fccklich von allen Inhalten aller gelinkten Seiten auf meiner Homepage. Diese<\/span><\/p>\n<p><span style=\"color: #ffffff;\">Erkl\u00e4rung gilt f\u00fcr alle auf meiner Homepage ausgebrachten Links und f\u00fcr alle Inhalte der Seiten, zu denen die Banner f\u00fchren.<\/span><\/p>\n<p><span style=\"color: #ffffff;\">Bei weiteren Fragen zu der Homepage oder Elementen die darauf dargestellt werden wenden Sie sich bitte an<\/span><\/p>\n<p><span style=\"color: #ffffff;\">opsal@woidteifln.at<\/span><\/p>\n<h2><span style=\"color: #ffffff;\">Wer wir sind<\/span><\/h2>\n<p><span style=\"color: #ffffff;\">Die Adresse unserer Website ist: http:\/\/www.woidteifln.at\/.<\/span><\/p>\n<h2><span style=\"color: #ffffff;\">Welche personenbezogenen Daten wir sammeln und warum wir sie sammeln<\/span><\/h2>\n<h3><span style=\"color: #ffffff;\">Kommentare<\/span><\/h3>\n<p><span style=\"color: #ffffff;\">Wenn Besucher Kommentare auf der Website schreiben, sammeln wir die Daten, die im Kommentar-Formular angezeigt werden, au\u00dferdem die IP-Adresse des Besuchers und den User-Agent-String (damit wird der Browser identifiziert), um die Erkennung von Spam zu unterst\u00fctzen.<\/span><\/p>\n<p><span style=\"color: #ffffff;\">Aus Ihrer E-Mail-Adresse kann eine anonymisierte Zeichenfolge erstellt (auch Hash genannt) und dem Gravatar-Dienst \u00fcbergeben werden, um zu pr\u00fcfen, ob Sie diesen benutzt. Die Datenschutzerkl\u00e4rung des Gravatar-Dienstes finden Sie hier: https:\/\/automattic.com\/privacy\/. Nachdem Ihr Kommentar freigegeben wurde, ist Ihr Profilbild \u00f6ffentlich im Kontext Ihres Kommentars sichtbar.<\/span><\/p>\n<h3><span style=\"color: #ffffff;\">Medien<\/span><\/h3>\n<p><span style=\"color: #ffffff;\">Wenn Sie ein registrierter Benutzer sind und Fotos auf diese Website laden, sollten Sie vermeiden, Fotos mit einem EXIF-GPS-Standort hochzuladen. Besucher dieser Website k\u00f6nnten Fotos, die auf dieser Website gespeichert sind, downloaden und deren Standort-Informationen extrahieren.<\/span><\/p>\n<h3><span style=\"color: #ffffff;\">Kontaktformulare<\/span><\/h3>\n<h3><span style=\"color: #ffffff;\">Cookies<\/span><\/h3>\n<p><span style=\"color: #ffffff;\">Wenn Sie einen Kommentar auf unserer Website schreiben, kann das eine Einwilligung sein, Ihren Namen, E-Mail-Adresse und Website in Cookies zu speichern. Dies ist eine Komfortfunktion, damit Sie nicht, wenn Sie einen weiteren Kommentar schreiben, all diese Daten erneut eingeben m\u00fcssen. Diese Cookies werden ein Jahr lang gespeichert.<\/span><\/p>\n<p><span style=\"color: #ffffff;\">Falls Sie ein Konto haben und Sie sich auf dieser Website anmelden, werden wir ein tempor\u00e4res Cookie setzen, um festzustellen, ob Ihr Browser Cookies akzeptiert. Dieses Cookie enth\u00e4lt keine personenbezogenen Daten und wird verworfen, wenn Sie Ihren Browser schlie\u00dfen.<\/span><\/p>\n<p><span style=\"color: #ffffff;\">Wenn Sie sich anmelden, werden wir einige Cookies einrichten, um Ihre Anmeldeinformationen und Anzeigeoptionen zu speichern. Anmelde-Cookies verfallen nach zwei Tagen und Cookies f\u00fcr die Anzeigeoptionen nach einem Jahr. Falls Sie bei der Anmeldung \u201eAngemeldet bleiben\u201c ausw\u00e4hlen, wird Ihre Anmeldung zwei Wochen lang aufrechterhalten. Mit der Abmeldung aus Ihrem Konto werden die Anmelde-Cookies gel\u00f6scht.<\/span><\/p>\n<p><span style=\"color: #ffffff;\">Wenn Sie einen Artikel bearbeiten oder ver\u00f6ffentlichen, wird ein zus\u00e4tzlicher Cookie in Ihrem Browser gespeichert. Dieser Cookie enth\u00e4lt keine personenbezogenen Daten und verweist nur auf die Beitrags-ID des Artikels, den Sie gerade bearbeitet haben. Der Cookie verf\u00e4llt nach einem Tag.<\/span><\/p>\n<h3><span style=\"color: #ffffff;\">Eingebettete Inhalte von anderen Websites<\/span><\/h3>\n<p><span style=\"color: #ffffff;\">Beitr\u00e4ge auf dieser Website k\u00f6nnen eingebettete Inhalte beinhalten (z.\u00a0B. Videos, Bilder, Beitr\u00e4ge etc.). Eingebettete Inhalte von anderen Websites verhalten sich exakt so, als ob der Besucher die andere Website besucht h\u00e4tte.<\/span><\/p>\n<p><span style=\"color: #ffffff;\">Diese Websites k\u00f6nnen Daten \u00fcber Sie sammeln, Cookies benutzen, zus\u00e4tzliche Tracking-Dienste von Dritten einbetten und Ihre Interaktion mit diesem eingebetteten Inhalt aufzeichnen, inklusive Ihrer Interaktion mit dem eingebetteten Inhalt, falls Sie ein Konto haben und auf dieser Website angemeldet sind.<\/span><\/p>\n<h3><span style=\"color: #ffffff;\">Analysedienste<\/span><\/h3>\n<h2><span style=\"color: #ffffff;\">Mit wem wir Ihre Daten teilen<\/span><\/h2>\n<h2><span style=\"color: #ffffff;\">Wie lange wir deine Daten speichern<\/span><\/h2>\n<p><span style=\"color: #ffffff;\">Wenn Sie einen Kommentar schreiben, wird dieser inklusive Metadaten zeitlich unbegrenzt gespeichert. Auf diese Art k\u00f6nnen wir Folgekommentare automatisch erkennen und freigeben, anstelle sie in einer Moderations-Warteschlange festzuhalten.<\/span><\/p>\n<p><span style=\"color: #ffffff;\">F\u00fcr Benutzer, die sich auf unserer Website registrieren, speichern wir zus\u00e4tzlich die pers\u00f6nlichen Informationen, die sie in ihren Benutzerprofilen angeben. Alle Benutzer k\u00f6nnen jederzeit ihre pers\u00f6nlichen Informationen einsehen, ver\u00e4ndern oder l\u00f6schen (der Benutzername kann nicht ver\u00e4ndert werden). Administratoren der Website k\u00f6nnen diese Informationen ebenfalls einsehen und ver\u00e4ndern.<\/span><\/p>\n<h2><span style=\"color: #ffffff;\">Welche Rechte Sie an Ihren Daten haben<\/span><\/h2>\n<p><span style=\"color: #ffffff;\">Wenn Sie ein Konto auf dieser Website besitzen oder Kommentare geschrieben haben, k\u00f6nnen Sie einen Export Ihrer personenbezogenen Daten bei uns anfordern, inklusive aller Daten, die Sie uns mitgeteilt haben. Dar\u00fcber hinaus k\u00f6nnen Sie die L\u00f6schung aller personenbezogenen Daten, die wir von Ihnen gespeichert haben, anfordern. Dies umfasst nicht die Daten, die wir aufgrund administrativer, rechtlicher oder sicherheitsrelevanter Notwendigkeiten aufbewahren m\u00fcssen.<\/span><\/p>\n<h2><span style=\"color: #ffffff;\">Wohin wir Ihre Daten senden<\/span><\/h2>\n<p><span style=\"color: #ffffff;\">Besucher-Kommentare k\u00f6nnten von einem automatisierten Dienst zur Spam-Erkennung untersucht werden.<\/span><\/td>\n<\/tr>\n<\/tbody>\n<\/table>\n","protected":false},"excerpt":{"rendered":"<p>Allgemeine Informationen Und Copyright Hinweise Der Webmaster sowie alle Mitglieder der &#8220;WALDZELLER WOIDTEIFLN&#8221; \u00fcbernehmen keine Verantwortung f\u00fcr vorhandene Eintr\u00e4ge und Kommentare!! Viele der hier gezeigten Bilder sind aus unseren privaten Sammlung und wenige Ausnahmen aus dem Internet. Sollten sich auf diesen Seiten Bilder befinden, mit deren Ver\u00f6ffentlichung die Besitzer der Bilder nicht einverstanden sind, so [&hellip;]<\/p>\n","protected":false},"author":1,"featured_media":0,"parent":0,"menu_order":0,"comment_status":"closed","ping_status":"closed","template":"","meta":[],"_links":{"self":[{"href":"http:\/\/www.woidteifln.at\/wordpress\/wp-json\/wp\/v2\/pages\/44"}],"collection":[{"href":"http:\/\/www.woidteifln.at\/wordpress\/wp-json\/wp\/v2\/pages"}],"about":[{"href":"http:\/\/www.woidteifln.at\/wordpress\/wp-json\/wp\/v2\/types\/page"}],"author":[{"embeddable":true,"href":"http:\/\/www.woidteifln.at\/wordpress\/wp-json\/wp\/v2\/users\/1"}],"replies":[{"embeddable":true,"href":"http:\/\/www.woidteifln.at\/wordpress\/wp-json\/wp\/v2\/comments?post=44"}],"version-history":[{"count":4,"href":"http:\/\/www.woidteifln.at\/wordpress\/wp-json\/wp\/v2\/pages\/44\/revisions"}],"predecessor-version":[{"id":808,"href":"http:\/\/www.woidteifln.at\/wordpress\/wp-json\/wp\/v2\/pages\/44\/revisions\/808"}],"wp:attachment":[{"href":"http:\/\/www.woidteifln.at\/wordpress\/wp-json\/wp\/v2\/media?parent=44"}],"curies":[{"name":"wp","href":"https:\/\/api.w.org\/{rel}","templated":true}]}}