{"id":25,"date":"2015-09-14T14:21:53","date_gmt":"2015-09-14T12:21:53","guid":{"rendered":"http:\/\/www.woidteifln.at\/\/?page_id=25"},"modified":"2018-01-09T14:46:43","modified_gmt":"2018-01-09T13:46:43","slug":"vereinsgeschichte","status":"publish","type":"page","link":"http:\/\/www.woidteifln.at\/wordpress\/vereinsgeschichte\/","title":{"rendered":"Vereinsgeschichte"},"content":{"rendered":"<h1 style=\"text-align: center;\"><span style=\"color: #800000;\"><strong>Vereinsgeschichte der Waldzeller Woidteifln<\/strong><\/span><\/h1>\n<h3 style=\"text-align: center;\"><span style=\"color: #808080;\">Nach mehrj\u00e4hrigen Auftritten zur Nikolausauffahrt mit Gummimasken, entschloss man sich f\u00fcr etwas Neues.<\/span><\/h3>\n<h3 style=\"text-align: center;\"><span style=\"color: #808080;\">Die Idee war einen eigenen Krampus\/Perchten Verein zu Gr\u00fcnden um den alpenl\u00e4ndischen<\/span><br \/>\n<span style=\"color: #808080;\"> Brauchtum auch in Waldzell bzw. Innviertel pr\u00e4sentieren zu k\u00f6nnen.<\/span><\/h3>\n<h3 style=\"text-align: center;\"><span style=\"color: #808080;\">Die &#8220;WALDZELLER WOIDTEIFLN&#8221; waren geboren.<\/span><\/h3>\n<h3 style=\"text-align: center;\"><span style=\"color: #808080;\">Da wir in unserer Gegend mit sehr viel Wald gesegnet sind, ergab sich der Name von selbst.<\/span><br \/>\n<span style=\"color: #808080;\"> Mit Skepsis traten wir den Aufgaben entgegen, den Verein im Sinne des Brauchtums zu gestalten.<\/span><\/h3>\n<h3 style=\"text-align: center;\"><span style=\"color: #808080;\">Die Idee unseres Vorhabens sprach sich schnell herum und so k\u00f6nnen wir mit Stolz sagen,<\/span><br \/>\n<span style=\"color: #808080;\"> dass Mitglieder im Umkreis von 40km unseren Verein angeh\u00f6ren.<\/span><\/h3>\n<h3 style=\"text-align: center;\"><span style=\"color: #808080;\">Wir haben es uns zum Vorsatz gemacht, unseren kleinen Zuschauern, die Angst vor<\/span><br \/>\n<span style=\"color: #808080;\"> den gruseligen &#8220;Gestalten&#8221; zu nehmen, jedoch nicht den Respekt.<\/span><\/h3>\n<h3 style=\"text-align: center;\"><span style=\"color: #808080;\">Seit Okt. 2009 sind wir als offizieller Verein gemeldet.<\/span><\/h3>\n<p>&nbsp;<\/p>\n<p><img loading=\"lazy\" class=\"aligncenter wp-image-729 size-full\" src=\"http:\/\/www.woidteifln.at\/\/wp-content\/uploads\/2018\/01\/Titelbild.png\" alt=\"\" width=\"1000\" height=\"400\" srcset=\"http:\/\/www.woidteifln.at\/wordpress\/wp-content\/uploads\/2018\/01\/Titelbild.png 1000w, http:\/\/www.woidteifln.at\/wordpress\/wp-content\/uploads\/2018\/01\/Titelbild-300x120.png 300w, http:\/\/www.woidteifln.at\/wordpress\/wp-content\/uploads\/2018\/01\/Titelbild-768x307.png 768w\" sizes=\"(max-width: 1000px) 100vw, 1000px\" \/><\/p>\n<p>&nbsp;<\/p>\n<p>&nbsp;<\/p>\n","protected":false},"excerpt":{"rendered":"<p>Vereinsgeschichte der Waldzeller Woidteifln Nach mehrj\u00e4hrigen Auftritten zur Nikolausauffahrt mit Gummimasken, entschloss man sich f\u00fcr etwas Neues. Die Idee war einen eigenen Krampus\/Perchten Verein zu Gr\u00fcnden um den alpenl\u00e4ndischen Brauchtum auch in Waldzell bzw. Innviertel pr\u00e4sentieren zu k\u00f6nnen. Die &#8220;WALDZELLER WOIDTEIFLN&#8221; waren geboren. Da wir in unserer Gegend mit sehr viel Wald gesegnet sind, ergab [&hellip;]<\/p>\n","protected":false},"author":1,"featured_media":0,"parent":0,"menu_order":0,"comment_status":"closed","ping_status":"closed","template":"page-templates\/full-width.php","meta":[],"_links":{"self":[{"href":"http:\/\/www.woidteifln.at\/wordpress\/wp-json\/wp\/v2\/pages\/25"}],"collection":[{"href":"http:\/\/www.woidteifln.at\/wordpress\/wp-json\/wp\/v2\/pages"}],"about":[{"href":"http:\/\/www.woidteifln.at\/wordpress\/wp-json\/wp\/v2\/types\/page"}],"author":[{"embeddable":true,"href":"http:\/\/www.woidteifln.at\/wordpress\/wp-json\/wp\/v2\/users\/1"}],"replies":[{"embeddable":true,"href":"http:\/\/www.woidteifln.at\/wordpress\/wp-json\/wp\/v2\/comments?post=25"}],"version-history":[{"count":9,"href":"http:\/\/www.woidteifln.at\/wordpress\/wp-json\/wp\/v2\/pages\/25\/revisions"}],"predecessor-version":[{"id":731,"href":"http:\/\/www.woidteifln.at\/wordpress\/wp-json\/wp\/v2\/pages\/25\/revisions\/731"}],"wp:attachment":[{"href":"http:\/\/www.woidteifln.at\/wordpress\/wp-json\/wp\/v2\/media?parent=25"}],"curies":[{"name":"wp","href":"https:\/\/api.w.org\/{rel}","templated":true}]}}